{"id":753,"date":"2024-06-28T04:44:15","date_gmt":"2024-06-28T02:44:15","guid":{"rendered":"https:\/\/grottes.djbcom.eu\/restauratie\/"},"modified":"2025-02-06T06:56:27","modified_gmt":"2025-02-06T05:56:27","slug":"restauratie","status":"publish","type":"page","link":"https:\/\/lesgrottes.be\/nl\/restauratie\/","title":{"rendered":"Restauratie"},"content":{"rendered":"<p>[et_pb_section fb_built=&#8221;1&#8243; _builder_version=&#8221;4.27.4&#8243; _module_preset=&#8221;default&#8221; background_image=&#8221;https:\/\/lesgrottes.be\/wp-content\/uploads\/2024\/12\/bg-grottes-1.webp&#8221; background_size=&#8221;custom&#8221; background_image_width=&#8221;25%&#8221; background_position=&#8221;top_right&#8221; custom_padding=&#8221;||0px||false|false&#8221; background_last_edited=&#8221;on|desktop&#8221; use_background_color_gradient_tablet=&#8221;off&#8221; use_background_color_gradient_phone=&#8221;off&#8221; global_colors_info=&#8221;{}&#8221;][et_pb_row column_structure=&#8221;1_2,1_2&#8243; custom_padding_last_edited=&#8221;on|tablet&#8221; _builder_version=&#8221;4.27.4&#8243; _module_preset=&#8221;default&#8221; background_image=&#8221;https:\/\/lesgrottes.be\/wp-content\/uploads\/2024\/12\/bg-grottes-2.webp&#8221; background_size=&#8221;custom&#8221; background_image_width=&#8221;25%&#8221; background_position=&#8221;bottom_left&#8221; width=&#8221;100%&#8221; max_width=&#8221;2560px&#8221; custom_padding=&#8221;0px|25%|150px|25%|false|true&#8221; custom_padding_tablet=&#8221;|12%|100px|12%|false|true&#8221; custom_padding_phone=&#8221;|5%|100px|5%|false|true&#8221; background_last_edited=&#8221;on|phone&#8221; global_colors_info=&#8221;{}&#8221;][et_pb_column type=&#8221;1_2&#8243; _builder_version=&#8221;4.27.4&#8243; _module_preset=&#8221;default&#8221; global_colors_info=&#8221;{}&#8221;][et_pb_text _builder_version=&#8221;4.27.4&#8243; _module_preset=&#8221;default&#8221; header_2_text_align=&#8221;left&#8221; text_orientation=&#8221;justified&#8221; global_colors_info=&#8221;{}&#8221;]<\/p>\n<h2>&#8220;<strong>Au 1912<\/strong>&#8220;, het restaurant van de Grottes de Remouchamps<\/h2>\n<p><img loading=\"lazy\" decoding=\"async\" src=\"https:\/\/grottes.djbcom.eu\/wp-content\/uploads\/2024\/11\/rez-de-chausse-au1912-135x300.webp\" width=\"110\" height=\"326\" alt=\"Restaurant Au 1912: begane grond\" class=\"wp-image-1293 alignleft size-medium\">Zo\u00eb en haar team heten u van harte welkom in \u201cAu 1912\u201d, een plek waar gezelligheid en elegantie samenkomen.<\/p>\n<p>In een warme en lichte sfeer presenteren wij verse producten van uitzonderlijke kwaliteit. Onze gerechten worden met zorg ter plaatse bereid en zijn huisgemaakt.<\/p>\n<p>Zo garanderen we authenticiteit en een onvergetelijke smaak.<\/p>\n<p>Geniet in elk seizoen van ons panoramisch terras, een unieke ruimte met een adembenemend uitzicht, zowel in de zomer als in de winter.<\/p>\n<p>Wij kijken ernaar uit om deze culinaire ervaring met u te delen.[\/et_pb_text][et_pb_button button_url=&#8221;http:\/\/www.au1912.be\/&#8221; url_new_window=&#8221;on&#8221; button_text=&#8221;Bezoek de restaurantwebsite&#8221; button_alignment=&#8221;left&#8221; _builder_version=&#8221;4.26.1&#8243; _module_preset=&#8221;default&#8221; custom_button=&#8221;on&#8221; button_icon=&#8221;&#xf2e7;||fa||900&#8243; button_icon_placement=&#8221;left&#8221; button_on_hover=&#8221;off&#8221; global_colors_info=&#8221;{}&#8221;][\/et_pb_button][\/et_pb_column][et_pb_column type=&#8221;1_2&#8243; _builder_version=&#8221;4.27.4&#8243; _module_preset=&#8221;default&#8221; global_colors_info=&#8221;{}&#8221;][et_pb_image src=&#8221;https:\/\/grottes.djbcom.eu\/wp-content\/uploads\/2024\/07\/au-1912-restaurant.webp&#8221; alt=&#8221;Restaurant au 1912&#8243; title_text=&#8221;au-1912-restaurant&#8221; _builder_version=&#8221;4.27.4&#8243; _module_preset=&#8221;default&#8221; global_colors_info=&#8221;{}&#8221;][\/et_pb_image][et_pb_text _builder_version=&#8221;4.27.4&#8243; _module_preset=&#8221;default&#8221; background_color=&#8221;#302000&#8243; background_layout=&#8221;dark&#8221; custom_padding=&#8221;0.5em|1em|0.5em|1em|true|true&#8221; text_orientation_tablet=&#8221;&#8221; text_orientation_phone=&#8221;center&#8221; text_orientation_last_edited=&#8221;on|phone&#8221; saved_tabs=&#8221;all&#8221; global_colors_info=&#8221;{}&#8221; global_module=&#8221;1739&#8243;]<\/p>\n<p><img decoding=\"async\" src=\"http:\/\/grottes.djbcom.eu\/wp-content\/uploads\/2024\/07\/grottes-ticket-w600-300x232.webp\" width=\"50%\" height=\"auto\" alt=\"Illustration ticket Grottes de Remouchamps\" class=\"wp-image-201 alignleft size-medium\" \/><\/p>\n<h2>R\u00e9servez vos billets<\/h2>\n<p><!--<\/p>\n\n\n\n\n<div id=\"ConstellationWidgetContainerddbc83c0-5c2c-4e6f-84aa-c214e7cb5447\" style=\"width: 100%;\" title=\"Grottes de Remouchamps\" data-id-projet=\"ddbc83c05c2c4e6f84aac214e7cb5447\">Chargement en cours...<\/div>\n\n\n\n\n<div style=\"width: 100%;\" title=\"Grottes de Remouchamps\" data-id-projet=\"ddbc83c05c2c4e6f84aac214e7cb5447\"><\/div>\n\n\n\n\n<p><script type=\"text\/javascript\" src=\"https:\/\/reservation.elloha.com\/Scripts\/widget-loader.min.js?v=42\"><\/script>\n<script type=\"text\/javascript\">var constellationWidgetUrlddbc83c05c2c4e6f84aac214e7cb5447, constellationTypeModuleddbc83c05c2c4e6f84aac214e7cb5447; constellationWidgetUrlddbc83c05c2c4e6f84aac214e7cb5447 = 'https:\/\/reservation.elloha.com\/Widget\/BookingEngine\/ddbc83c0-5c2c-4e6f-84aa-c214e7cb5447?idoi=0f68d1ec-de61-4486-a381-f0e8dffa5a76&culture=fr-FR'; constellationTypeModuleddbc83c05c2c4e6f84aac214e7cb5447=1; constellationWidgetLoad('ConstellationWidgetContainerddbc83c0-5c2c-4e6f-84aa-c214e7cb5447'); constellationWidgetAddEvent(window, \"resize\", function () { constellationWidgetSetAppearance('ConstellationWidgetContainerddbc83c0-5c2c-4e6f-84aa-c214e7cb5447'); });<\/script>--><br \/><a href=\"https:\/\/tinyurl.com\/2huvtdxw\" target=\"_blank\" rel=\"nofollow noopener\" class=\"et_pb_button\">R\u00e9server<\/a><\/p>\n<p>Vous avez une r\u00e9duction? R\u00e9servez-par t\u00e9l\u00e9phone au <strong><a href=\"tel:\/\/003243844682\" target=\"_blank\" rel=\"noopener\">+32\u00a04\u00a0384\u00a046\u00a082<\/a><\/strong><\/p>\n<p>[\/et_pb_text][\/et_pb_column][\/et_pb_row][\/et_pb_section][et_pb_section fb_built=&#8221;1&#8243; _builder_version=&#8221;4.27.4&#8243; _module_preset=&#8221;default&#8221; background_color=&#8221;#EBEAE5&#8243; background_image=&#8221;https:\/\/lesgrottes.be\/wp-content\/uploads\/2024\/12\/fond-grottes.webp&#8221; background_blend=&#8221;multiply&#8221; global_colors_info=&#8221;{}&#8221;][et_pb_row _builder_version=&#8221;4.27.4&#8243; _module_preset=&#8221;default&#8221; global_colors_info=&#8221;{}&#8221;][et_pb_column type=&#8221;4_4&#8243; _builder_version=&#8221;4.27.4&#8243; _module_preset=&#8221;default&#8221; global_colors_info=&#8221;{}&#8221;][et_pb_text _builder_version=&#8221;4.27.4&#8243; _module_preset=&#8221;default&#8221; text_orientation=&#8221;center&#8221; global_colors_info=&#8221;{}&#8221;]<\/p>\n<h2>Onze andere cateringvoorstellen<\/h2>\n<p>[\/et_pb_text][\/et_pb_column][\/et_pb_row][et_pb_row column_structure=&#8221;1_3,1_3,1_3&#8243; _builder_version=&#8221;4.27.4&#8243; _module_preset=&#8221;default&#8221; width=&#8221;75%&#8221; max_width=&#8221;2560px&#8221; global_colors_info=&#8221;{}&#8221;][et_pb_column type=&#8221;1_3&#8243; _builder_version=&#8221;4.27.4&#8243; _module_preset=&#8221;default&#8221; global_colors_info=&#8221;{}&#8221;][et_pb_image src=&#8221;https:\/\/grottes.djbcom.eu\/wp-content\/uploads\/2024\/07\/aperitif-dinatoire-grottes.webp&#8221; alt=&#8221;Aperitiefdiner in de grotten van Remouchamps&#8221; title_text=&#8221;aperitiefdiner-grotten&#8221; _builder_version=&#8221;4.27.4&#8243; _module_preset=&#8221;default&#8221; custom_margin=&#8221;||0px||false|false&#8221; border_radii=&#8221;off|7px|7px||&#8221; border_color_all=&#8221;#946f5a&#8221; border_width_top=&#8221;2px&#8221; border_width_right=&#8221;2px&#8221; border_width_left=&#8221;2px&#8221; box_shadow_style=&#8221;preset3&#8243; global_colors_info=&#8221;{}&#8221;][\/et_pb_image][et_pb_cta title=&#8221;Aperitiefdiner in de grotten&#8221; button_url=&#8221;@ET-DC@eyJkeW5hbWljIjp0cnVlLCJjb250ZW50IjoicG9zdF9saW5rX3VybF9wYWdlIiwic2V0dGluZ3MiOnsicG9zdF9pZCI6IjE1NTYifX0=@&#8221; button_text=&#8221;Meer info&#8221; _builder_version=&#8221;4.27.4&#8243; _dynamic_attributes=&#8221;button_url,link_option_url&#8221; _module_preset=&#8221;default&#8221; header_level=&#8221;h3&#8243; header_font=&#8221;|600|||||||&#8221; background_color=&#8221;#FFFFFF&#8221; background_layout=&#8221;light&#8221; link_option_url=&#8221;@ET-DC@eyJkeW5hbWljIjp0cnVlLCJjb250ZW50IjoicG9zdF9saW5rX3VybF9wYWdlIiwic2V0dGluZ3MiOnsicG9zdF9pZCI6IjE0MzYifX0=@&#8221; border_radii=&#8221;off|||7px|7px&#8221; border_color_all=&#8221;#946f5a&#8221; border_width_right=&#8221;2px&#8221; border_width_bottom=&#8221;2px&#8221; border_width_left=&#8221;2px&#8221; box_shadow_style=&#8221;preset3&#8243; global_colors_info=&#8221;{}&#8221;]<\/p>\n<p>Beleef een uniek moment in het hart van de grotten van Remouchamps<\/p>\n<p>[\/et_pb_cta][\/et_pb_column][et_pb_column type=&#8221;1_3&#8243; _builder_version=&#8221;4.27.4&#8243; _module_preset=&#8221;default&#8221; global_colors_info=&#8221;{}&#8221;][et_pb_image src=&#8221;https:\/\/lesgrottes.be\/wp-content\/uploads\/2024\/12\/chalet-restauration.webp&#8221; alt=&#8221;Chalet met snacks bij de uitgang van de grotten van Remouchamps&#8221; title_text=&#8221;chalet-catering&#8221; _builder_version=&#8221;4.27.4&#8243; _module_preset=&#8221;default&#8221; custom_margin=&#8221;||0px||false|false&#8221; border_radii=&#8221;off|7px|7px||&#8221; border_color_all=&#8221;#946f5a&#8221; border_width_top=&#8221;2px&#8221; border_width_right=&#8221;2px&#8221; border_width_left=&#8221;2px&#8221; box_shadow_style=&#8221;preset3&#8243; global_colors_info=&#8221;{}&#8221;][\/et_pb_image][et_pb_cta title=&#8221;Geniet van een hapje in ons chalet&#8221; button_url=&#8221;@ET-DC@eyJkeW5hbWljIjp0cnVlLCJjb250ZW50IjoicG9zdF9saW5rX3VybF9wYWdlIiwic2V0dGluZ3MiOnsicG9zdF9pZCI6IjE1MzgifX0=@&#8221; button_text=&#8221;Meer info&#8221; _builder_version=&#8221;4.27.4&#8243; _dynamic_attributes=&#8221;button_url&#8221; _module_preset=&#8221;default&#8221; header_level=&#8221;h3&#8243; header_font=&#8221;|600|||||||&#8221; background_color=&#8221;#FFFFFF&#8221; background_layout=&#8221;light&#8221; border_radii=&#8221;off|||7px|7px&#8221; border_color_all=&#8221;#946f5a&#8221; border_width_right=&#8221;2px&#8221; border_width_bottom=&#8221;2px&#8221; border_width_left=&#8221;2px&#8221; box_shadow_style=&#8221;preset3&#8243; global_colors_info=&#8221;{}&#8221;]<\/p>\n<p>Bij de ingang van de grotten biedt ons chalet diverse hapjes en drankjes aan<\/p>\n<p>[\/et_pb_cta][\/et_pb_column][et_pb_column type=&#8221;1_3&#8243; _builder_version=&#8221;4.27.4&#8243; _module_preset=&#8221;default&#8221; global_colors_info=&#8221;{}&#8221;][et_pb_image src=&#8221;https:\/\/lesgrottes.be\/wp-content\/uploads\/2024\/12\/au-1912-salle-de-reception.webp&#8221; alt=&#8221;Restaurantkamer Au 1912&#8243; title_text=&#8221;au-1912-salle-de-reception&#8221; _builder_version=&#8221;4.27.4&#8243; _module_preset=&#8221;default&#8221; custom_margin=&#8221;||0px||false|false&#8221; border_radii=&#8221;off|7px|7px||&#8221; border_color_all=&#8221;#946f5a&#8221; border_width_top=&#8221;2px&#8221; border_width_right=&#8221;2px&#8221; border_width_left=&#8221;2px&#8221; box_shadow_style=&#8221;preset3&#8243; global_colors_info=&#8221;{}&#8221;][\/et_pb_image][et_pb_cta title=&#8221;Zaalverhuur voor uw evenement&#8221; button_url=&#8221;@ET-DC@eyJkeW5hbWljIjp0cnVlLCJjb250ZW50IjoicG9zdF9saW5rX3VybF9wYWdlIiwic2V0dGluZ3MiOnsicG9zdF9pZCI6IjE1NjIifX0=@&#8221; button_text=&#8221;Meer info&#8221; _builder_version=&#8221;4.27.4&#8243; _dynamic_attributes=&#8221;button_url&#8221; _module_preset=&#8221;default&#8221; header_level=&#8221;h3&#8243; header_font=&#8221;|600|||||||&#8221; background_color=&#8221;#FFFFFF&#8221; background_layout=&#8221;light&#8221; border_radii=&#8221;off|||7px|7px&#8221; border_color_all=&#8221;#946f5a&#8221; border_width_right=&#8221;2px&#8221; border_width_bottom=&#8221;2px&#8221; border_width_left=&#8221;2px&#8221; box_shadow_style=&#8221;preset3&#8243; global_colors_info=&#8221;{}&#8221;]<\/p>\n<p>Wij bieden verschillende receptiemogelijkheden voor uw priv\u00e9- of zakelijke evenementen.<\/p>\n<p>[\/et_pb_cta][\/et_pb_column][\/et_pb_row][\/et_pb_section]<\/p>\n","protected":false},"excerpt":{"rendered":"<p>&#8220;Au 1912&#8221;, het restaurant van de Grottes de Remouchamps Zo\u00eb en haar team heten u van harte welkom in \u201cAu 1912\u201d, een plek waar gezelligheid en elegantie samenkomen. In een warme en lichte sfeer presenteren wij verse producten van uitzonderlijke kwaliteit. Onze gerechten worden met zorg ter plaatse bereid en zijn huisgemaakt. Zo garanderen we [&hellip;]<\/p>\n","protected":false},"author":1,"featured_media":550,"parent":0,"menu_order":0,"comment_status":"closed","ping_status":"closed","template":"","meta":{"_et_pb_use_builder":"on","_et_pb_old_content":"","_et_gb_content_width":"","footnotes":""},"class_list":["post-753","page","type-page","status-publish","has-post-thumbnail","hentry"],"yoast_head":"<!-- This site is optimized with the Yoast SEO plugin v27.4 - https:\/\/yoast.com\/product\/yoast-seo-wordpress\/ -->\n<title>Restauratie - Les Grottes de Remouchamps<\/title>\n<meta name=\"description\" content=\"Het restaurant Au 1912, naast de grotten, biedt heerlijke zelfgemaakte streekgerechten\" \/>\n<meta name=\"robots\" content=\"index, follow, max-snippet:-1, max-image-preview:large, max-video-preview:-1\" \/>\n<link rel=\"canonical\" href=\"https:\/\/lesgrottes.be\/nl\/restauratie\/\" \/>\n<meta property=\"og:locale\" content=\"nl_NL\" \/>\n<meta property=\"og:type\" content=\"article\" \/>\n<meta property=\"og:title\" content=\"Restauratie - Les Grottes de Remouchamps\" \/>\n<meta property=\"og:description\" content=\"Het restaurant Au 1912, naast de grotten, biedt heerlijke zelfgemaakte streekgerechten\" \/>\n<meta property=\"og:url\" content=\"https:\/\/lesgrottes.be\/nl\/restauratie\/\" \/>\n<meta property=\"og:site_name\" content=\"Les Grottes de Remouchamps\" \/>\n<meta property=\"article:publisher\" content=\"https:\/\/www.facebook.com\/grottesderemouchamps\" \/>\n<meta property=\"article:modified_time\" content=\"2025-02-06T05:56:27+00:00\" \/>\n<meta property=\"og:image\" content=\"https:\/\/lesgrottes.be\/wp-content\/uploads\/2024\/07\/au-1912_banner4.webp\" \/>\n\t<meta property=\"og:image:width\" content=\"2560\" \/>\n\t<meta property=\"og:image:height\" content=\"896\" \/>\n\t<meta property=\"og:image:type\" content=\"image\/webp\" \/>\n<meta name=\"twitter:card\" content=\"summary_large_image\" \/>\n<meta name=\"twitter:label1\" content=\"Geschatte leestijd\" \/>\n\t<meta name=\"twitter:data1\" content=\"5 minuten\" \/>\n<script type=\"application\/ld+json\" class=\"yoast-schema-graph\">{\"@context\":\"https:\\\/\\\/schema.org\",\"@graph\":[{\"@type\":\"WebPage\",\"@id\":\"https:\\\/\\\/lesgrottes.be\\\/nl\\\/restauratie\\\/\",\"url\":\"https:\\\/\\\/lesgrottes.be\\\/nl\\\/restauratie\\\/\",\"name\":\"Restauratie - Les Grottes de Remouchamps\",\"isPartOf\":{\"@id\":\"https:\\\/\\\/lesgrottes.be\\\/nl\\\/#website\"},\"primaryImageOfPage\":{\"@id\":\"https:\\\/\\\/lesgrottes.be\\\/nl\\\/restauratie\\\/#primaryimage\"},\"image\":{\"@id\":\"https:\\\/\\\/lesgrottes.be\\\/nl\\\/restauratie\\\/#primaryimage\"},\"thumbnailUrl\":\"https:\\\/\\\/lesgrottes.be\\\/wp-content\\\/uploads\\\/2024\\\/07\\\/au-1912_banner4.webp\",\"datePublished\":\"2024-06-28T02:44:15+00:00\",\"dateModified\":\"2025-02-06T05:56:27+00:00\",\"description\":\"Het restaurant Au 1912, naast de grotten, biedt heerlijke zelfgemaakte streekgerechten\",\"breadcrumb\":{\"@id\":\"https:\\\/\\\/lesgrottes.be\\\/nl\\\/restauratie\\\/#breadcrumb\"},\"inLanguage\":\"nl-NL\",\"potentialAction\":[{\"@type\":\"ReadAction\",\"target\":[\"https:\\\/\\\/lesgrottes.be\\\/nl\\\/restauratie\\\/\"]}]},{\"@type\":\"ImageObject\",\"inLanguage\":\"nl-NL\",\"@id\":\"https:\\\/\\\/lesgrottes.be\\\/nl\\\/restauratie\\\/#primaryimage\",\"url\":\"https:\\\/\\\/lesgrottes.be\\\/wp-content\\\/uploads\\\/2024\\\/07\\\/au-1912_banner4.webp\",\"contentUrl\":\"https:\\\/\\\/lesgrottes.be\\\/wp-content\\\/uploads\\\/2024\\\/07\\\/au-1912_banner4.webp\",\"width\":2560,\"height\":896},{\"@type\":\"BreadcrumbList\",\"@id\":\"https:\\\/\\\/lesgrottes.be\\\/nl\\\/restauratie\\\/#breadcrumb\",\"itemListElement\":[{\"@type\":\"ListItem\",\"position\":1,\"name\":\"Home\",\"item\":\"https:\\\/\\\/lesgrottes.be\\\/nl\\\/\"},{\"@type\":\"ListItem\",\"position\":2,\"name\":\"Restauratie\"}]},{\"@type\":\"WebSite\",\"@id\":\"https:\\\/\\\/lesgrottes.be\\\/nl\\\/#website\",\"url\":\"https:\\\/\\\/lesgrottes.be\\\/nl\\\/\",\"name\":\"Les Grottes de Remouchamps\",\"description\":\"\",\"publisher\":{\"@id\":\"https:\\\/\\\/lesgrottes.be\\\/nl\\\/#organization\"},\"alternateName\":\"Les Grottes\",\"potentialAction\":[{\"@type\":\"SearchAction\",\"target\":{\"@type\":\"EntryPoint\",\"urlTemplate\":\"https:\\\/\\\/lesgrottes.be\\\/nl\\\/?s={search_term_string}\"},\"query-input\":{\"@type\":\"PropertyValueSpecification\",\"valueRequired\":true,\"valueName\":\"search_term_string\"}}],\"inLanguage\":\"nl-NL\"},{\"@type\":\"Organization\",\"@id\":\"https:\\\/\\\/lesgrottes.be\\\/nl\\\/#organization\",\"name\":\"Les Grottes de Remouchamps\",\"url\":\"https:\\\/\\\/lesgrottes.be\\\/nl\\\/\",\"logo\":{\"@type\":\"ImageObject\",\"inLanguage\":\"nl-NL\",\"@id\":\"https:\\\/\\\/lesgrottes.be\\\/nl\\\/#\\\/schema\\\/logo\\\/image\\\/\",\"url\":\"https:\\\/\\\/lesgrottes.be\\\/wp-content\\\/uploads\\\/2024\\\/06\\\/favicon.webp\",\"contentUrl\":\"https:\\\/\\\/lesgrottes.be\\\/wp-content\\\/uploads\\\/2024\\\/06\\\/favicon.webp\",\"width\":512,\"height\":512,\"caption\":\"Les Grottes de Remouchamps\"},\"image\":{\"@id\":\"https:\\\/\\\/lesgrottes.be\\\/nl\\\/#\\\/schema\\\/logo\\\/image\\\/\"},\"sameAs\":[\"https:\\\/\\\/www.facebook.com\\\/grottesderemouchamps\"]}]}<\/script>\n<!-- \/ Yoast SEO plugin. -->","yoast_head_json":{"title":"Restauratie - Les Grottes de Remouchamps","description":"Het restaurant Au 1912, naast de grotten, biedt heerlijke zelfgemaakte streekgerechten","robots":{"index":"index","follow":"follow","max-snippet":"max-snippet:-1","max-image-preview":"max-image-preview:large","max-video-preview":"max-video-preview:-1"},"canonical":"https:\/\/lesgrottes.be\/nl\/restauratie\/","og_locale":"nl_NL","og_type":"article","og_title":"Restauratie - Les Grottes de Remouchamps","og_description":"Het restaurant Au 1912, naast de grotten, biedt heerlijke zelfgemaakte streekgerechten","og_url":"https:\/\/lesgrottes.be\/nl\/restauratie\/","og_site_name":"Les Grottes de Remouchamps","article_publisher":"https:\/\/www.facebook.com\/grottesderemouchamps","article_modified_time":"2025-02-06T05:56:27+00:00","og_image":[{"width":2560,"height":896,"url":"https:\/\/lesgrottes.be\/wp-content\/uploads\/2024\/07\/au-1912_banner4.webp","type":"image\/webp"}],"twitter_card":"summary_large_image","twitter_misc":{"Geschatte leestijd":"5 minuten"},"schema":{"@context":"https:\/\/schema.org","@graph":[{"@type":"WebPage","@id":"https:\/\/lesgrottes.be\/nl\/restauratie\/","url":"https:\/\/lesgrottes.be\/nl\/restauratie\/","name":"Restauratie - Les Grottes de Remouchamps","isPartOf":{"@id":"https:\/\/lesgrottes.be\/nl\/#website"},"primaryImageOfPage":{"@id":"https:\/\/lesgrottes.be\/nl\/restauratie\/#primaryimage"},"image":{"@id":"https:\/\/lesgrottes.be\/nl\/restauratie\/#primaryimage"},"thumbnailUrl":"https:\/\/lesgrottes.be\/wp-content\/uploads\/2024\/07\/au-1912_banner4.webp","datePublished":"2024-06-28T02:44:15+00:00","dateModified":"2025-02-06T05:56:27+00:00","description":"Het restaurant Au 1912, naast de grotten, biedt heerlijke zelfgemaakte streekgerechten","breadcrumb":{"@id":"https:\/\/lesgrottes.be\/nl\/restauratie\/#breadcrumb"},"inLanguage":"nl-NL","potentialAction":[{"@type":"ReadAction","target":["https:\/\/lesgrottes.be\/nl\/restauratie\/"]}]},{"@type":"ImageObject","inLanguage":"nl-NL","@id":"https:\/\/lesgrottes.be\/nl\/restauratie\/#primaryimage","url":"https:\/\/lesgrottes.be\/wp-content\/uploads\/2024\/07\/au-1912_banner4.webp","contentUrl":"https:\/\/lesgrottes.be\/wp-content\/uploads\/2024\/07\/au-1912_banner4.webp","width":2560,"height":896},{"@type":"BreadcrumbList","@id":"https:\/\/lesgrottes.be\/nl\/restauratie\/#breadcrumb","itemListElement":[{"@type":"ListItem","position":1,"name":"Home","item":"https:\/\/lesgrottes.be\/nl\/"},{"@type":"ListItem","position":2,"name":"Restauratie"}]},{"@type":"WebSite","@id":"https:\/\/lesgrottes.be\/nl\/#website","url":"https:\/\/lesgrottes.be\/nl\/","name":"Les Grottes de Remouchamps","description":"","publisher":{"@id":"https:\/\/lesgrottes.be\/nl\/#organization"},"alternateName":"Les Grottes","potentialAction":[{"@type":"SearchAction","target":{"@type":"EntryPoint","urlTemplate":"https:\/\/lesgrottes.be\/nl\/?s={search_term_string}"},"query-input":{"@type":"PropertyValueSpecification","valueRequired":true,"valueName":"search_term_string"}}],"inLanguage":"nl-NL"},{"@type":"Organization","@id":"https:\/\/lesgrottes.be\/nl\/#organization","name":"Les Grottes de Remouchamps","url":"https:\/\/lesgrottes.be\/nl\/","logo":{"@type":"ImageObject","inLanguage":"nl-NL","@id":"https:\/\/lesgrottes.be\/nl\/#\/schema\/logo\/image\/","url":"https:\/\/lesgrottes.be\/wp-content\/uploads\/2024\/06\/favicon.webp","contentUrl":"https:\/\/lesgrottes.be\/wp-content\/uploads\/2024\/06\/favicon.webp","width":512,"height":512,"caption":"Les Grottes de Remouchamps"},"image":{"@id":"https:\/\/lesgrottes.be\/nl\/#\/schema\/logo\/image\/"},"sameAs":["https:\/\/www.facebook.com\/grottesderemouchamps"]}]}},"_links":{"self":[{"href":"https:\/\/lesgrottes.be\/nl\/wp-json\/wp\/v2\/pages\/753","targetHints":{"allow":["GET"]}}],"collection":[{"href":"https:\/\/lesgrottes.be\/nl\/wp-json\/wp\/v2\/pages"}],"about":[{"href":"https:\/\/lesgrottes.be\/nl\/wp-json\/wp\/v2\/types\/page"}],"author":[{"embeddable":true,"href":"https:\/\/lesgrottes.be\/nl\/wp-json\/wp\/v2\/users\/1"}],"replies":[{"embeddable":true,"href":"https:\/\/lesgrottes.be\/nl\/wp-json\/wp\/v2\/comments?post=753"}],"version-history":[{"count":24,"href":"https:\/\/lesgrottes.be\/nl\/wp-json\/wp\/v2\/pages\/753\/revisions"}],"predecessor-version":[{"id":1765,"href":"https:\/\/lesgrottes.be\/nl\/wp-json\/wp\/v2\/pages\/753\/revisions\/1765"}],"wp:featuredmedia":[{"embeddable":true,"href":"https:\/\/lesgrottes.be\/nl\/wp-json\/wp\/v2\/media\/550"}],"wp:attachment":[{"href":"https:\/\/lesgrottes.be\/nl\/wp-json\/wp\/v2\/media?parent=753"}],"curies":[{"name":"wp","href":"https:\/\/api.w.org\/{rel}","templated":true}]}}