{"id":744,"date":"2024-06-28T04:45:24","date_gmt":"2024-06-28T02:45:24","guid":{"rendered":"https:\/\/grottes.djbcom.eu\/de-grotten\/"},"modified":"2025-02-06T06:58:44","modified_gmt":"2025-02-06T05:58:44","slug":"de-grotten","status":"publish","type":"page","link":"https:\/\/lesgrottes.be\/nl\/de-grotten\/","title":{"rendered":"De Grotten"},"content":{"rendered":"<p>[et_pb_section fb_built=&#8221;1&#8243; next_background_color=&#8221;#D4D0C8&#8243; _builder_version=&#8221;4.27.4&#8243; _module_preset=&#8221;default&#8221; custom_padding=&#8221;0px||||false|false&#8221; bottom_divider_style=&#8221;graph&#8221; bottom_divider_height=&#8221;50px&#8221; bottom_divider_height_tablet=&#8221;25px&#8221; bottom_divider_height_phone=&#8221;25px&#8221; bottom_divider_height_last_edited=&#8221;on|phone&#8221; global_colors_info=&#8221;{}&#8221;][et_pb_row column_structure=&#8221;1_3,1_3,1_3&#8243; _builder_version=&#8221;4.27.4&#8243; _module_preset=&#8221;default&#8221; background_enable_color=&#8221;off&#8221; global_colors_info=&#8221;{}&#8221;][et_pb_column type=&#8221;1_3&#8243; _builder_version=&#8221;4.26.0&#8243; _module_preset=&#8221;default&#8221; global_colors_info=&#8221;{}&#8221;][et_pb_gallery gallery_ids=&#8221;1177,1169,1173,1171,1175&#8243; fullwidth=&#8221;on&#8221; _builder_version=&#8221;4.27.2&#8243; _module_preset=&#8221;default&#8221; background_color=&#8221;#151000&#8243; background_layout=&#8221;dark&#8221; animation_style=&#8221;fade&#8221; auto=&#8221;on&#8221; auto_speed=&#8221;5000&#8243; custom_css_free_form=&#8221;selector .et-pb-slider-arrows a.et-pb-arrow-prev,||selector .et-pb-slider-arrows a.et-pb-arrow-next {|| opacity: 1;||}||selector .et-pb-slider-arrows a.et-pb-arrow-prev {|| left: 22px;||}||||selector .et-pb-slider-arrows a.et-pb-arrow-next {|| right: 22px;||}&#8221; box_shadow_style=&#8221;preset3&#8243; global_colors_info=&#8221;{}&#8221;][\/et_pb_gallery][\/et_pb_column][et_pb_column type=&#8221;1_3&#8243; _builder_version=&#8221;4.26.0&#8243; _module_preset=&#8221;default&#8221; global_colors_info=&#8221;{}&#8221;][et_pb_text quote_border_color=&#8221;#FDB92E&#8221; _builder_version=&#8221;4.27.2&#8243; _module_preset=&#8221;default&#8221; quote_font=&#8221;|700|on||||||&#8221; quote_text_color=&#8221;#302000&#8243; global_colors_info=&#8221;{}&#8221;]<\/p>\n<div class=\"section-title2\">\n<h2><span>Ontdek het juweel<br \/>uit de Provincie Luik?<\/span><\/h2>\n<\/div>\n<div class=\"awesome-service-top-right-text\">\n<p>De <b>Grotten van Remouchamps<\/b><span> z<\/span>ijn een waar natuurwonder. U kunt ze te voet bezoeken over een afstand van ruim 1000 meter, door spectaculaire ruimtes en galerijen.<\/p>\n<p>De terugreis vindt plaats per boot over een afstand van 700 meter. Dit is de langste ondergrondse reis van Europa!<\/p>\n<blockquote>\n<p>Onze gepassioneerde gidsen bezorgen je een ervaring waarbij plezier en verwondering het moment onvergetelijk zullen maken&#8230;<\/p>\n<\/blockquote>\n<\/div>\n<p>[\/et_pb_text][et_pb_image src=&#8221;https:\/\/lesgrottes.be\/wp-content\/uploads\/2024\/11\/guides.webp&#8221; alt=&#8221;Gidsen voor de grotten van Remouchamps&#8221; title_text=&#8221;Gidsen&#8221; _builder_version=&#8221;4.27.2&#8243; _module_preset=&#8221;default&#8221; global_colors_info=&#8221;{}&#8221;][\/et_pb_image][\/et_pb_column][et_pb_column type=&#8221;1_3&#8243; _builder_version=&#8221;4.27.2&#8243; _module_preset=&#8221;default&#8221; background_color=&#8221;#302000&#8243; custom_padding=&#8221;1em|1em|1em|1em|true|true&#8221; global_colors_info=&#8221;{}&#8221;][et_pb_text _builder_version=&#8221;4.27.4&#8243; _module_preset=&#8221;default&#8221; background_layout=&#8221;dark&#8221; hover_enabled=&#8221;0&#8243; text_orientation_tablet=&#8221;&#8221; text_orientation_phone=&#8221;center&#8221; text_orientation_last_edited=&#8221;on|phone&#8221; global_module=&#8221;1009&#8243; saved_tabs=&#8221;all&#8221; global_colors_info=&#8221;{}&#8221; sticky_enabled=&#8221;0&#8243;]<img decoding=\"async\" src=\"http:\/\/grottes.djbcom.eu\/wp-content\/uploads\/2024\/07\/grottes-ticket-w600-300x232.webp\" width=\"50%\" height=\"auto\" alt=\"Illustration ticket Grottes de Remouchamps\" class=\"wp-image-201 alignleft size-medium\" \/><\/p>\n<h2>R\u00e9servez vos billets<\/h2>\n<p><!--\n\n<div id=\"ConstellationWidgetContainerddbc83c0-5c2c-4e6f-84aa-c214e7cb5447\" style=\"width: 100%;\" title=\"Grottes de Remouchamps\" data-id-projet=\"ddbc83c05c2c4e6f84aac214e7cb5447\">Chargement en cours...<\/div>\n\n\n\n\n<div style=\"width: 100%;\" title=\"Grottes de Remouchamps\" data-id-projet=\"ddbc83c05c2c4e6f84aac214e7cb5447\"><\/div>\n\n\n<script type=\"text\/javascript\" src=\"https:\/\/reservation.elloha.com\/Scripts\/widget-loader.min.js?v=42\"><\/script>\n<script type=\"text\/javascript\">var constellationWidgetUrlddbc83c05c2c4e6f84aac214e7cb5447, constellationTypeModuleddbc83c05c2c4e6f84aac214e7cb5447; constellationWidgetUrlddbc83c05c2c4e6f84aac214e7cb5447 = 'https:\/\/reservation.elloha.com\/Widget\/BookingEngine\/ddbc83c0-5c2c-4e6f-84aa-c214e7cb5447?idoi=0f68d1ec-de61-4486-a381-f0e8dffa5a76&culture=fr-FR'; constellationTypeModuleddbc83c05c2c4e6f84aac214e7cb5447=1; constellationWidgetLoad('ConstellationWidgetContainerddbc83c0-5c2c-4e6f-84aa-c214e7cb5447'); constellationWidgetAddEvent(window, \"resize\", function () { constellationWidgetSetAppearance('ConstellationWidgetContainerddbc83c0-5c2c-4e6f-84aa-c214e7cb5447'); });<\/script>--><br \/>\n<a href=\"https:\/\/tinyurl.com\/2huvtdxw\" target=\"_blank\" rel=\"nofollow\" class=\"et_pb_button\">R\u00e9server<\/a><\/p>\n<p>Vous avez une r\u00e9duction? R\u00e9servez-par t\u00e9l\u00e9phone au <strong><a href=\"tel:\/\/003243844682\" target=\"_blank\" rel=\"noopener\">+32\u00a04\u00a0384\u00a046\u00a082<\/a><\/strong>[\/et_pb_text][et_pb_cta title=&#8221;Scholen? ontdek ons educatief dossier&#8230; &#8221; button_url=&#8221;@ET-DC@eyJkeW5hbWljIjp0cnVlLCJjb250ZW50IjoicG9zdF9saW5rX3VybF9wYWdlIiwic2V0dGluZ3MiOnsicG9zdF9pZCI6IjE0In19@&#8221; button_text=&#8221;Zie de speciale pagina&#8221; _builder_version=&#8221;4.26.0&#8243; _dynamic_attributes=&#8221;button_url&#8221; _module_preset=&#8221;default&#8221; global_colors_info=&#8221;{}&#8221;]<\/p>\n<p>Naast toeristische attracties willen de Grottes de Remouchamps ook het publiek bewust maken van de omgeving en de natuurlijke fenomenen die deze buitengewone uitzichten hebben gevormd.<\/p>\n<p>Om <strong>scholen pedagogisch<\/strong> te ondersteunen, werd een pedagogisch dossier samengesteld.<\/p>\n<p>[\/et_pb_cta][\/et_pb_column][\/et_pb_row][\/et_pb_section][et_pb_section fb_built=&#8221;1&#8243; _builder_version=&#8221;4.26.1&#8243; _module_preset=&#8221;default&#8221; background_color=&#8221;#D4D0C8&#8243; custom_padding=&#8221;0px||0px|||&#8221; global_colors_info=&#8221;{}&#8221;][et_pb_row _builder_version=&#8221;4.26.0&#8243; _module_preset=&#8221;default&#8221; custom_padding=&#8221;||0px|||&#8221; global_colors_info=&#8221;{}&#8221;][et_pb_column type=&#8221;4_4&#8243; _builder_version=&#8221;4.26.0&#8243; _module_preset=&#8221;default&#8221; global_colors_info=&#8221;{}&#8221;][et_pb_text _builder_version=&#8221;4.27.2&#8243; _module_preset=&#8221;default&#8221; text_font=&#8221;|||on|||||&#8221; text_orientation=&#8221;center&#8221; global_colors_info=&#8221;{}&#8221;]<\/p>\n<h2>Enkele kamers en galerijen die u kunt bewonderen<\/h2>\n<p>[\/et_pb_text][\/et_pb_column][\/et_pb_row][et_pb_row column_structure=&#8221;1_3,1_3,1_3&#8243; use_custom_gutter=&#8221;on&#8221; make_equal=&#8221;on&#8221; _builder_version=&#8221;4.26.0&#8243; _module_preset=&#8221;default&#8221; width=&#8221;95%&#8221; max_width=&#8221;2560px&#8221; custom_padding=&#8221;||||false|false&#8221; global_colors_info=&#8221;{}&#8221;][et_pb_column type=&#8221;1_3&#8243; _builder_version=&#8221;4.26.0&#8243; _module_preset=&#8221;default&#8221; global_colors_info=&#8221;{}&#8221;][et_pb_blurb title=&#8221;Betreed een ondergrondse wereld&#8221; image=&#8221;https:\/\/lesgrottes.be\/wp-content\/uploads\/2024\/11\/entree-grottes-2.webp&#8221; alt=&#8221;Toegang tot de grotten van Remouchamps&#8221; _builder_version=&#8221;4.27.2&#8243; _module_preset=&#8221;default&#8221; header_level=&#8221;h3&#8243; header_text_align=&#8221;center&#8221; background_color=&#8221;#FFFFFF&#8221; text_orientation=&#8221;justified&#8221; custom_padding=&#8221;1em|1em|1em|1em|true|true&#8221; box_shadow_style=&#8221;preset3&#8243; global_colors_info=&#8221;{}&#8221;]<\/p>\n<div class=\"awesome-service-top-right-text\">\n<div class=\"awesome-service-top-right-text\">\n<p>Zodra u de ingang bent gepasseerd, begint het bezoek in een eerste kamer die 8000 jaar geleden werd bewoond door paleolithische jagers. Wat volgt is een wandeling door een doolhof van kamers en galerijen waar je stalagmieten en stalactieten zult ontdekken.  <\/p>\n<blockquote><\/blockquote>\n<\/div>\n<\/div>\n<p>[\/et_pb_blurb][\/et_pb_column][et_pb_column type=&#8221;1_3&#8243; _builder_version=&#8221;4.26.0&#8243; _module_preset=&#8221;default&#8221; global_colors_info=&#8221;{}&#8221;][et_pb_blurb title=&#8221;DE ZAAL VAN DE MAAGD&#8221; image=&#8221;https:\/\/lesgrottes.be\/wp-content\/uploads\/2024\/07\/la-grande-draperie-1.webp&#8221; alt=&#8221;DE GROTE DRAPERIE&#8221; _builder_version=&#8221;4.27.2&#8243; _module_preset=&#8221;default&#8221; header_level=&#8221;h3&#8243; header_text_align=&#8221;center&#8221; background_color=&#8221;#FFFFFF&#8221; text_orientation=&#8221;justified&#8221; custom_padding=&#8221;1em|1em|1em|1em|true|true&#8221; box_shadow_style=&#8221;preset3&#8243; global_colors_info=&#8221;{}&#8221;]<\/p>\n<h5 style=\"text-align: center;\">E\u00e9n wonder onder velen<\/h5>\n<p><span style=\"font-weight: 400;\">Het Grote Gordijn, waar het regenwater uit druipt, is 7 meter hoog en enkele honderdduizenden jaren oud. Ze vertelt ons dat alle kristallijne afzettingen die de grot sieren, het gevolg zijn van waterinfiltratie. Ze vallen uit de gewelven, glijden langs de wanden naar beneden en laten zo het kalksteen achter dat de schoonheid van de grotten vormt.  <\/span><\/p>\n<blockquote>\n<p><em><strong>Men ervaart dan een ondefinieerbare indruk van ingetogenheid, van zachte dromerij.<\/strong><\/em><br \/>RAHIR E.<\/p>\n<\/blockquote>\n<p>[\/et_pb_blurb][\/et_pb_column][et_pb_column type=&#8221;1_3&#8243; _builder_version=&#8221;4.26.0&#8243; _module_preset=&#8221;default&#8221; global_colors_info=&#8221;{}&#8221;][et_pb_blurb title=&#8221;DE KATHEDRAAL&#8221; image=&#8221;https:\/\/lesgrottes.be\/wp-content\/uploads\/2024\/07\/la-cathedrale.webp&#8221; alt=&#8221;DE KATHEDRAAL&#8221; _builder_version=&#8221;4.26.0&#8243; _module_preset=&#8221;default&#8221; header_level=&#8221;h3&#8243; header_text_align=&#8221;center&#8221; background_color=&#8221;#FFFFFF&#8221; text_orientation=&#8221;justified&#8221; custom_padding=&#8221;1em|1em|1em|1em|true|true&#8221; box_shadow_style=&#8221;preset3&#8243; global_colors_info=&#8221;{}&#8221;]<\/p>\n<div class=\"awesome-service-top-right-text\">\n<p>Het plafond is 40 meter hoog. De kathedraal dankt haar natuurlijke uiterlijk aan de gigantische puinhellingen stroomafwaarts. U bereikt de ondergrondse rivier via een grote natuurlijke boog, de Brug der Titanen.  <\/p>\n<blockquote>\n<p><em><strong>Wij hebben in Belgi\u00eb niets dat vergelijkbaar is met de grootsheid van deze natuurlijke tempel.<br \/><\/strong><\/em>GARNIR Georges<\/p>\n<\/blockquote>\n<\/div>\n<p>[\/et_pb_blurb][\/et_pb_column][\/et_pb_row][et_pb_row column_structure=&#8221;1_3,1_3,1_3&#8243; use_custom_gutter=&#8221;on&#8221; make_equal=&#8221;on&#8221; _builder_version=&#8221;4.26.0&#8243; _module_preset=&#8221;default&#8221; width=&#8221;95%&#8221; max_width=&#8221;2560px&#8221; custom_padding=&#8221;||||false|false&#8221; global_colors_info=&#8221;{}&#8221;][et_pb_column type=&#8221;1_3&#8243; _builder_version=&#8221;4.26.0&#8243; _module_preset=&#8221;default&#8221; global_colors_info=&#8221;{}&#8221;][et_pb_blurb title=&#8221;De langste ondergrondse navigatie in Europa&#8221; image=&#8221;https:\/\/lesgrottes.be\/wp-content\/uploads\/2024\/11\/navigation-souterraine.webp&#8221; alt=&#8221;De Grotte de Remouchamps biedt de langste ondergrondse navigatie van Europa&#8221; _builder_version=&#8221;4.27.2&#8243; _module_preset=&#8221;default&#8221; header_level=&#8221;h3&#8243; header_text_align=&#8221;center&#8221; background_color=&#8221;#FFFFFF&#8221; text_orientation=&#8221;justified&#8221; custom_padding=&#8221;1em|1em|1em|1em|true|true&#8221; box_shadow_style=&#8221;preset3&#8243; global_colors_info=&#8221;{}&#8221;]<\/p>\n<div class=\"awesome-service-top-right-text\">\n<div class=\"awesome-service-top-right-text\">\n<p>Het bezoek eindigt per boot voor een 700 meter lange ondergrondse tocht, de langste van Europa!<\/p>\n<\/div>\n<\/div>\n<p>[\/et_pb_blurb][\/et_pb_column][et_pb_column type=&#8221;1_3&#8243; _builder_version=&#8221;4.26.0&#8243; _module_preset=&#8221;default&#8221; global_colors_info=&#8221;{}&#8221;][et_pb_blurb title=&#8221;DE PALMBOOM&#8221; image=&#8221;https:\/\/lesgrottes.be\/wp-content\/uploads\/2024\/07\/le-palmier.webp&#8221; alt=&#8221;DE PALMBOOM&#8221; _builder_version=&#8221;4.26.0&#8243; _module_preset=&#8221;default&#8221; header_level=&#8221;h3&#8243; header_text_align=&#8221;center&#8221; background_color=&#8221;#FFFFFF&#8221; text_orientation=&#8221;justified&#8221; custom_padding=&#8221;1em|1em|1em|1em|true|true&#8221; box_shadow_style=&#8221;preset3&#8243; global_colors_info=&#8221;{}&#8221;]<\/p>\n<div class=\"awesome-service-top-right-text\">\n<div class=\"awesome-service-top-right-text\">\n<p>De &#8220;Palmboom&#8221; is een zuil die gevormd wordt door de verbinding van een stalactiet en een stalagmiet. De bijzondere ligging, midden in de Rubicon, is een uniek fenomeen. Een paar kabels verderop zakt het plafond en vaart de boot een oude sifon in, die door de mens is vergroot om hem begaanbaar te maken. Bij de uitgang van de sifon wordt de doorgang breder en wordt het daglicht helderder.   <\/p>\n<blockquote>\n<p><strong><em>Dit kunstwerk van de natuur, absoluut uniek in zijn soort, dat op zo\u2019n charmante manier de boom voorstelt waarvan het de naam draagt, is een van de meest indrukwekkend ornamenten van de grot.<br \/><\/em><\/strong>RAHIR E.<\/p>\n<\/blockquote>\n<\/div>\n<\/div>\n<p>[\/et_pb_blurb][\/et_pb_column][et_pb_column type=&#8221;1_3&#8243; _builder_version=&#8221;4.26.0&#8243; _module_preset=&#8221;default&#8221; global_colors_info=&#8221;{}&#8221;][et_pb_blurb title=&#8221;KLEINE INWONERS VAN DE GROT&#8221; image=&#8221;https:\/\/lesgrottes.be\/wp-content\/uploads\/2024\/11\/chauve-souris.webp&#8221; alt=&#8221;Vleermuis&#8221; _builder_version=&#8221;4.27.2&#8243; _module_preset=&#8221;default&#8221; header_level=&#8221;h3&#8243; header_text_align=&#8221;center&#8221; background_color=&#8221;#FFFFFF&#8221; text_orientation=&#8221;justified&#8221; custom_padding=&#8221;1em|1em|1em|1em|true|true&#8221; box_shadow_style=&#8221;preset3&#8243; global_colors_info=&#8221;{}&#8221;]<\/p>\n<div class=\"awesome-service-top-right-text\">\n<p>De grot is niet alleen een lust voor het oog. Het is ook een ecosysteem dat we graag willen behouden. De vleermuis is waarschijnlijk de bekendste grotbewoner. Ontdek dit geweldige dier, dat zo nuttig is voor ons milieu&#8230;   <\/p>\n<\/div>\n<p>[\/et_pb_blurb][\/et_pb_column][\/et_pb_row][\/et_pb_section]<\/p>\n","protected":false},"excerpt":{"rendered":"<p>Ontdek het juweeluit de Provincie Luik? De Grotten van Remouchamps zijn een waar natuurwonder. U kunt ze te voet bezoeken over een afstand van ruim 1000 meter, door spectaculaire ruimtes en galerijen. De terugreis vindt plaats per boot over een afstand van 700 meter. Dit is de langste ondergrondse reis van Europa! Onze gepassioneerde gidsen [&hellip;]<\/p>\n","protected":false},"author":1,"featured_media":243,"parent":0,"menu_order":0,"comment_status":"closed","ping_status":"closed","template":"","meta":{"_et_pb_use_builder":"on","_et_pb_old_content":"","_et_gb_content_width":"","footnotes":""},"class_list":["post-744","page","type-page","status-publish","has-post-thumbnail","hentry"],"yoast_head":"<!-- This site is optimized with the Yoast SEO plugin v27.4 - https:\/\/yoast.com\/product\/yoast-seo-wordpress\/ -->\n<title>De Grotten - Les Grottes de Remouchamps<\/title>\n<meta name=\"description\" content=\"Ontdek de spectaculaire galerijen van de Grotten van Remouchamps en stap aan boord van de langste ondergrondse rivier van Europa.\" \/>\n<meta name=\"robots\" content=\"index, follow, max-snippet:-1, max-image-preview:large, max-video-preview:-1\" \/>\n<link rel=\"canonical\" href=\"https:\/\/lesgrottes.be\/nl\/de-grotten\/\" \/>\n<meta property=\"og:locale\" content=\"nl_NL\" \/>\n<meta property=\"og:type\" content=\"article\" \/>\n<meta property=\"og:title\" content=\"De Grotten - Les Grottes de Remouchamps\" \/>\n<meta property=\"og:description\" content=\"Ontdek de spectaculaire galerijen van de Grotten van Remouchamps en stap aan boord van de langste ondergrondse rivier van Europa.\" \/>\n<meta property=\"og:url\" content=\"https:\/\/lesgrottes.be\/nl\/de-grotten\/\" \/>\n<meta property=\"og:site_name\" content=\"Les Grottes de Remouchamps\" \/>\n<meta property=\"article:publisher\" content=\"https:\/\/www.facebook.com\/grottesderemouchamps\" \/>\n<meta property=\"article:modified_time\" content=\"2025-02-06T05:58:44+00:00\" \/>\n<meta property=\"og:image\" content=\"https:\/\/lesgrottes.be\/wp-content\/uploads\/2024\/07\/banner-grottes-barque-w2560.webp\" \/>\n\t<meta property=\"og:image:width\" content=\"2560\" \/>\n\t<meta property=\"og:image:height\" content=\"896\" \/>\n\t<meta property=\"og:image:type\" content=\"image\/webp\" \/>\n<meta name=\"twitter:card\" content=\"summary_large_image\" \/>\n<meta name=\"twitter:label1\" content=\"Geschatte leestijd\" \/>\n\t<meta name=\"twitter:data1\" content=\"7 minuten\" \/>\n<script type=\"application\/ld+json\" class=\"yoast-schema-graph\">{\"@context\":\"https:\\\/\\\/schema.org\",\"@graph\":[{\"@type\":\"WebPage\",\"@id\":\"https:\\\/\\\/lesgrottes.be\\\/nl\\\/de-grotten\\\/\",\"url\":\"https:\\\/\\\/lesgrottes.be\\\/nl\\\/de-grotten\\\/\",\"name\":\"De Grotten - Les Grottes de Remouchamps\",\"isPartOf\":{\"@id\":\"https:\\\/\\\/lesgrottes.be\\\/nl\\\/#website\"},\"primaryImageOfPage\":{\"@id\":\"https:\\\/\\\/lesgrottes.be\\\/nl\\\/de-grotten\\\/#primaryimage\"},\"image\":{\"@id\":\"https:\\\/\\\/lesgrottes.be\\\/nl\\\/de-grotten\\\/#primaryimage\"},\"thumbnailUrl\":\"https:\\\/\\\/lesgrottes.be\\\/wp-content\\\/uploads\\\/2024\\\/07\\\/banner-grottes-barque-w2560.webp\",\"datePublished\":\"2024-06-28T02:45:24+00:00\",\"dateModified\":\"2025-02-06T05:58:44+00:00\",\"description\":\"Ontdek de spectaculaire galerijen van de Grotten van Remouchamps en stap aan boord van de langste ondergrondse rivier van Europa.\",\"breadcrumb\":{\"@id\":\"https:\\\/\\\/lesgrottes.be\\\/nl\\\/de-grotten\\\/#breadcrumb\"},\"inLanguage\":\"nl-NL\",\"potentialAction\":[{\"@type\":\"ReadAction\",\"target\":[\"https:\\\/\\\/lesgrottes.be\\\/nl\\\/de-grotten\\\/\"]}]},{\"@type\":\"ImageObject\",\"inLanguage\":\"nl-NL\",\"@id\":\"https:\\\/\\\/lesgrottes.be\\\/nl\\\/de-grotten\\\/#primaryimage\",\"url\":\"https:\\\/\\\/lesgrottes.be\\\/wp-content\\\/uploads\\\/2024\\\/07\\\/banner-grottes-barque-w2560.webp\",\"contentUrl\":\"https:\\\/\\\/lesgrottes.be\\\/wp-content\\\/uploads\\\/2024\\\/07\\\/banner-grottes-barque-w2560.webp\",\"width\":2560,\"height\":896,\"caption\":\"\u00a9 Isabelle Decoster\"},{\"@type\":\"BreadcrumbList\",\"@id\":\"https:\\\/\\\/lesgrottes.be\\\/nl\\\/de-grotten\\\/#breadcrumb\",\"itemListElement\":[{\"@type\":\"ListItem\",\"position\":1,\"name\":\"Home\",\"item\":\"https:\\\/\\\/lesgrottes.be\\\/nl\\\/\"},{\"@type\":\"ListItem\",\"position\":2,\"name\":\"De Grotten\"}]},{\"@type\":\"WebSite\",\"@id\":\"https:\\\/\\\/lesgrottes.be\\\/nl\\\/#website\",\"url\":\"https:\\\/\\\/lesgrottes.be\\\/nl\\\/\",\"name\":\"Les Grottes de Remouchamps\",\"description\":\"\",\"publisher\":{\"@id\":\"https:\\\/\\\/lesgrottes.be\\\/nl\\\/#organization\"},\"alternateName\":\"Les Grottes\",\"potentialAction\":[{\"@type\":\"SearchAction\",\"target\":{\"@type\":\"EntryPoint\",\"urlTemplate\":\"https:\\\/\\\/lesgrottes.be\\\/nl\\\/?s={search_term_string}\"},\"query-input\":{\"@type\":\"PropertyValueSpecification\",\"valueRequired\":true,\"valueName\":\"search_term_string\"}}],\"inLanguage\":\"nl-NL\"},{\"@type\":\"Organization\",\"@id\":\"https:\\\/\\\/lesgrottes.be\\\/nl\\\/#organization\",\"name\":\"Les Grottes de Remouchamps\",\"url\":\"https:\\\/\\\/lesgrottes.be\\\/nl\\\/\",\"logo\":{\"@type\":\"ImageObject\",\"inLanguage\":\"nl-NL\",\"@id\":\"https:\\\/\\\/lesgrottes.be\\\/nl\\\/#\\\/schema\\\/logo\\\/image\\\/\",\"url\":\"https:\\\/\\\/lesgrottes.be\\\/wp-content\\\/uploads\\\/2024\\\/06\\\/favicon.webp\",\"contentUrl\":\"https:\\\/\\\/lesgrottes.be\\\/wp-content\\\/uploads\\\/2024\\\/06\\\/favicon.webp\",\"width\":512,\"height\":512,\"caption\":\"Les Grottes de Remouchamps\"},\"image\":{\"@id\":\"https:\\\/\\\/lesgrottes.be\\\/nl\\\/#\\\/schema\\\/logo\\\/image\\\/\"},\"sameAs\":[\"https:\\\/\\\/www.facebook.com\\\/grottesderemouchamps\"]}]}<\/script>\n<!-- \/ Yoast SEO plugin. -->","yoast_head_json":{"title":"De Grotten - Les Grottes de Remouchamps","description":"Ontdek de spectaculaire galerijen van de Grotten van Remouchamps en stap aan boord van de langste ondergrondse rivier van Europa.","robots":{"index":"index","follow":"follow","max-snippet":"max-snippet:-1","max-image-preview":"max-image-preview:large","max-video-preview":"max-video-preview:-1"},"canonical":"https:\/\/lesgrottes.be\/nl\/de-grotten\/","og_locale":"nl_NL","og_type":"article","og_title":"De Grotten - Les Grottes de Remouchamps","og_description":"Ontdek de spectaculaire galerijen van de Grotten van Remouchamps en stap aan boord van de langste ondergrondse rivier van Europa.","og_url":"https:\/\/lesgrottes.be\/nl\/de-grotten\/","og_site_name":"Les Grottes de Remouchamps","article_publisher":"https:\/\/www.facebook.com\/grottesderemouchamps","article_modified_time":"2025-02-06T05:58:44+00:00","og_image":[{"width":2560,"height":896,"url":"https:\/\/lesgrottes.be\/wp-content\/uploads\/2024\/07\/banner-grottes-barque-w2560.webp","type":"image\/webp"}],"twitter_card":"summary_large_image","twitter_misc":{"Geschatte leestijd":"7 minuten"},"schema":{"@context":"https:\/\/schema.org","@graph":[{"@type":"WebPage","@id":"https:\/\/lesgrottes.be\/nl\/de-grotten\/","url":"https:\/\/lesgrottes.be\/nl\/de-grotten\/","name":"De Grotten - Les Grottes de Remouchamps","isPartOf":{"@id":"https:\/\/lesgrottes.be\/nl\/#website"},"primaryImageOfPage":{"@id":"https:\/\/lesgrottes.be\/nl\/de-grotten\/#primaryimage"},"image":{"@id":"https:\/\/lesgrottes.be\/nl\/de-grotten\/#primaryimage"},"thumbnailUrl":"https:\/\/lesgrottes.be\/wp-content\/uploads\/2024\/07\/banner-grottes-barque-w2560.webp","datePublished":"2024-06-28T02:45:24+00:00","dateModified":"2025-02-06T05:58:44+00:00","description":"Ontdek de spectaculaire galerijen van de Grotten van Remouchamps en stap aan boord van de langste ondergrondse rivier van Europa.","breadcrumb":{"@id":"https:\/\/lesgrottes.be\/nl\/de-grotten\/#breadcrumb"},"inLanguage":"nl-NL","potentialAction":[{"@type":"ReadAction","target":["https:\/\/lesgrottes.be\/nl\/de-grotten\/"]}]},{"@type":"ImageObject","inLanguage":"nl-NL","@id":"https:\/\/lesgrottes.be\/nl\/de-grotten\/#primaryimage","url":"https:\/\/lesgrottes.be\/wp-content\/uploads\/2024\/07\/banner-grottes-barque-w2560.webp","contentUrl":"https:\/\/lesgrottes.be\/wp-content\/uploads\/2024\/07\/banner-grottes-barque-w2560.webp","width":2560,"height":896,"caption":"\u00a9 Isabelle Decoster"},{"@type":"BreadcrumbList","@id":"https:\/\/lesgrottes.be\/nl\/de-grotten\/#breadcrumb","itemListElement":[{"@type":"ListItem","position":1,"name":"Home","item":"https:\/\/lesgrottes.be\/nl\/"},{"@type":"ListItem","position":2,"name":"De Grotten"}]},{"@type":"WebSite","@id":"https:\/\/lesgrottes.be\/nl\/#website","url":"https:\/\/lesgrottes.be\/nl\/","name":"Les Grottes de Remouchamps","description":"","publisher":{"@id":"https:\/\/lesgrottes.be\/nl\/#organization"},"alternateName":"Les Grottes","potentialAction":[{"@type":"SearchAction","target":{"@type":"EntryPoint","urlTemplate":"https:\/\/lesgrottes.be\/nl\/?s={search_term_string}"},"query-input":{"@type":"PropertyValueSpecification","valueRequired":true,"valueName":"search_term_string"}}],"inLanguage":"nl-NL"},{"@type":"Organization","@id":"https:\/\/lesgrottes.be\/nl\/#organization","name":"Les Grottes de Remouchamps","url":"https:\/\/lesgrottes.be\/nl\/","logo":{"@type":"ImageObject","inLanguage":"nl-NL","@id":"https:\/\/lesgrottes.be\/nl\/#\/schema\/logo\/image\/","url":"https:\/\/lesgrottes.be\/wp-content\/uploads\/2024\/06\/favicon.webp","contentUrl":"https:\/\/lesgrottes.be\/wp-content\/uploads\/2024\/06\/favicon.webp","width":512,"height":512,"caption":"Les Grottes de Remouchamps"},"image":{"@id":"https:\/\/lesgrottes.be\/nl\/#\/schema\/logo\/image\/"},"sameAs":["https:\/\/www.facebook.com\/grottesderemouchamps"]}]}},"_links":{"self":[{"href":"https:\/\/lesgrottes.be\/nl\/wp-json\/wp\/v2\/pages\/744","targetHints":{"allow":["GET"]}}],"collection":[{"href":"https:\/\/lesgrottes.be\/nl\/wp-json\/wp\/v2\/pages"}],"about":[{"href":"https:\/\/lesgrottes.be\/nl\/wp-json\/wp\/v2\/types\/page"}],"author":[{"embeddable":true,"href":"https:\/\/lesgrottes.be\/nl\/wp-json\/wp\/v2\/users\/1"}],"replies":[{"embeddable":true,"href":"https:\/\/lesgrottes.be\/nl\/wp-json\/wp\/v2\/comments?post=744"}],"version-history":[{"count":34,"href":"https:\/\/lesgrottes.be\/nl\/wp-json\/wp\/v2\/pages\/744\/revisions"}],"predecessor-version":[{"id":1773,"href":"https:\/\/lesgrottes.be\/nl\/wp-json\/wp\/v2\/pages\/744\/revisions\/1773"}],"wp:featuredmedia":[{"embeddable":true,"href":"https:\/\/lesgrottes.be\/nl\/wp-json\/wp\/v2\/media\/243"}],"wp:attachment":[{"href":"https:\/\/lesgrottes.be\/nl\/wp-json\/wp\/v2\/media?parent=744"}],"curies":[{"name":"wp","href":"https:\/\/api.w.org\/{rel}","templated":true}]}}